{"id":26,"date":"2015-11-17T12:16:37","date_gmt":"2015-11-17T12:16:37","guid":{"rendered":"http:\/\/bepractice.pl\/?page_id=26"},"modified":"2019-04-15T19:10:23","modified_gmt":"2019-04-15T19:10:23","slug":"sprzedaz","status":"publish","type":"page","link":"https:\/\/bepractice.pl\/?page_id=26","title":{"rendered":"Sprzeda\u017c"},"content":{"rendered":"<div id=\"content-side\" class=\"side\">\n<div id=\"content-side2\" class=\"side2\">\n<div class=\"container-content\">\n<div id=\"content-content\">\n<div id=\"content-content-inner\" class=\"container-content-inner\">\n<div id=\"widget-5c52e95e-e337-431e-a457-3e6008a9873b\" class=\"widget widget-text\">\n<div class=\"widget-content\">\n<p><span style=\"color: #333333;\">Ze wzgl\u0119du na nieustaj\u0105co zmieniaj\u0105cy si\u0119 rynek &#8211; na przyk\u0142ad wzrost roli Nowych Medi\u00f3w w procesie zakupowym; szkolenia adresowane dla Dzia\u0142u Sprzeda\u017cy wymagaj\u0105 obserwacji przez nas rynku, trend\u00f3w a zatem r\u00f3wnie\u017c i my podnosimy nasze kwalifikacje aby zapewni\u0107 naszym klientom najwy\u017csz\u0105 jako\u015b\u0107 szkole\u0144 i pom\u00f3c uzyska\u0107 przewag\u0119 konkurencyjn\u0105<\/span><\/p>\n<p><span style=\"color: #333333;\">Ze wzgl\u0119du na liczb\u0119 zrelizowanych program\u00f3w nie jeste\u015bmy w stanie wymieni\u0107 nazw ich wszystkich ale poni\u017cej pokazujemy przyk\u0142ady projekt\u00f3w, kt\u00f3re prowadzimy dla naszych klient\u00f3w.<\/span><\/p>\n<p><span style=\"color: #333333;\">Menad\u017cerowie:<\/span><\/p>\n<ul>\n<li><span style=\"color: #333333;\">Planowanie i organizacja pracy zespo\u0142u<\/span><\/li>\n<li><span style=\"color: #333333;\">Budowanie i zarz\u0105dzanie grup\u0105 handlow\u0105<\/span><\/li>\n<li><span style=\"color: #333333;\">Zarz\u0105dzanie sprzeda\u017c\u0105<\/span><\/li>\n<li><span style=\"color: #333333;\">Zarz\u0105dzanie czasem<\/span><\/li>\n<li><span style=\"color: #333333;\">Wywieranie wp\u0142ywu<\/span><\/li>\n<li><span style=\"color: #333333;\">Autoprezentacja, autorytet,<\/span><\/li>\n<li><span style=\"color: #333333;\">Od coachingu do mentoringu<\/span><\/li>\n<\/ul>\n<p><span style=\"color: #333333;\">Doradcy Sprzeda\u017cy:<\/span><\/p>\n<ul>\n<li><span style=\"color: #333333;\">Podstawowe i zaawansowane techniki sprzeda\u017cy<\/span><\/li>\n<li><span style=\"color: #333333;\">Argumentacja handlowa i obrona ceny<\/span><\/li>\n<li><span style=\"color: #333333;\">Negocjacje<\/span><\/li>\n<li><span style=\"color: #333333;\">Prospecting i sprzeda\u017c aktywna, telemarketing i komunikacja<\/span><\/li>\n<li><span style=\"color: #333333;\">Sprzeda\u017c flotowa<\/span><\/li>\n<li><span style=\"color: #333333;\">Techniki zamykania sprzeda\u017cy<\/span><\/li>\n<li><span style=\"color: #333333;\">Trudny klient, trudne sytuacje<\/span><\/li>\n<li><span style=\"color: #333333;\">Organizacja pracy i zarz\u0105dzanie czasem<\/span><\/li>\n<li><span style=\"color: #333333;\">Autoprezentacja, wyst\u0105pienia publiczne<\/span><\/li>\n<li><span style=\"color: #333333;\">Standardy wsp\u00f3\u0142pracy z klientem B2B i B2C, ofertowanie, prezentacja oferty<\/span><\/li>\n<\/ul>\n<\/div>\n<\/div>\n<\/div>\n<\/div>\n<\/div>\n<\/div>\n<\/div>\n","protected":false},"excerpt":{"rendered":"<p>Ze wzgl\u0119du na nieustaj\u0105co zmieniaj\u0105cy si\u0119 rynek &#8211; na przyk\u0142ad wzrost roli Nowych Medi\u00f3w w procesie zakupowym; szkolenia adresowane dla Dzia\u0142u Sprzeda\u017cy wymagaj\u0105 obserwacji przez nas rynku, trend\u00f3w a zatem r\u00f3wnie\u017c i my podnosimy nasze kwalifikacje aby zapewni\u0107 naszym klientom najwy\u017csz\u0105 jako\u015b\u0107 szkole\u0144 i pom\u00f3c uzyska\u0107 przewag\u0119 konkurencyjn\u0105 Ze wzgl\u0119du na liczb\u0119 zrelizowanych program\u00f3w nie [&hellip;]<\/p>\n","protected":false},"author":1,"featured_media":0,"parent":0,"menu_order":0,"comment_status":"closed","ping_status":"closed","template":"","meta":{"jetpack_post_was_ever_published":false,"footnotes":""},"class_list":["post-26","page","type-page","status-publish","hentry"],"yoast_head":"<!-- This site is optimized with the Yoast SEO plugin v26.5 - https:\/\/yoast.com\/wordpress\/plugins\/seo\/ -->\n<title>Business Practice<\/title>\n<meta name=\"description\" content=\"Doradztwo biznesowe dla firm, szkolenia z bran\u017cy automotive, us\u0142ugi konsultingowe. &quot;Jedyn\u0105 sta\u0142\u0105 rzecz\u0105 w organizacji jest zmiana&quot;...\" \/>\n<meta name=\"robots\" content=\"index, follow, max-snippet:-1, max-image-preview:large, max-video-preview:-1\" \/>\n<link rel=\"canonical\" href=\"https:\/\/bepractice.pl\/?page_id=26\" \/>\n<meta property=\"og:locale\" content=\"pl_PL\" \/>\n<meta property=\"og:type\" content=\"article\" \/>\n<meta property=\"og:title\" content=\"Business Practice\" \/>\n<meta property=\"og:description\" content=\"Doradztwo biznesowe dla firm, szkolenia z bran\u017cy automotive, us\u0142ugi konsultingowe. &quot;Jedyn\u0105 sta\u0142\u0105 rzecz\u0105 w organizacji jest zmiana&quot;...\" \/>\n<meta property=\"og:url\" content=\"https:\/\/bepractice.pl\/?page_id=26\" \/>\n<meta property=\"og:site_name\" content=\"Business Practice\" \/>\n<meta property=\"article:modified_time\" content=\"2019-04-15T19:10:23+00:00\" \/>\n<meta name=\"twitter:card\" content=\"summary_large_image\" \/>\n<meta name=\"twitter:label1\" content=\"Szacowany czas czytania\" \/>\n\t<meta name=\"twitter:data1\" content=\"1 minuta\" \/>\n<script type=\"application\/ld+json\" class=\"yoast-schema-graph\">{\"@context\":\"https:\/\/schema.org\",\"@graph\":[{\"@type\":\"WebPage\",\"@id\":\"https:\/\/bepractice.pl\/?page_id=26\",\"url\":\"https:\/\/bepractice.pl\/?page_id=26\",\"name\":\"Business Practice\",\"isPartOf\":{\"@id\":\"https:\/\/bepractice.pl\/#website\"},\"datePublished\":\"2015-11-17T12:16:37+00:00\",\"dateModified\":\"2019-04-15T19:10:23+00:00\",\"description\":\"Doradztwo biznesowe dla firm, szkolenia z bran\u017cy automotive, us\u0142ugi konsultingowe. \\\"Jedyn\u0105 sta\u0142\u0105 rzecz\u0105 w organizacji jest zmiana\\\"...\",\"breadcrumb\":{\"@id\":\"https:\/\/bepractice.pl\/?page_id=26#breadcrumb\"},\"inLanguage\":\"pl-PL\",\"potentialAction\":[{\"@type\":\"ReadAction\",\"target\":[\"https:\/\/bepractice.pl\/?page_id=26\"]}]},{\"@type\":\"BreadcrumbList\",\"@id\":\"https:\/\/bepractice.pl\/?page_id=26#breadcrumb\",\"itemListElement\":[{\"@type\":\"ListItem\",\"position\":1,\"name\":\"Strona g\u0142\u00f3wna\",\"item\":\"https:\/\/bepractice.pl\/\"},{\"@type\":\"ListItem\",\"position\":2,\"name\":\"Sprzeda\u017c\"}]},{\"@type\":\"WebSite\",\"@id\":\"https:\/\/bepractice.pl\/#website\",\"url\":\"https:\/\/bepractice.pl\/\",\"name\":\"Business Practice\",\"description\":\"Firma szkoleniowa dzia\u0142aj\u0105ca w obszarze automotive\",\"publisher\":{\"@id\":\"https:\/\/bepractice.pl\/#organization\"},\"potentialAction\":[{\"@type\":\"SearchAction\",\"target\":{\"@type\":\"EntryPoint\",\"urlTemplate\":\"https:\/\/bepractice.pl\/?s={search_term_string}\"},\"query-input\":{\"@type\":\"PropertyValueSpecification\",\"valueRequired\":true,\"valueName\":\"search_term_string\"}}],\"inLanguage\":\"pl-PL\"},{\"@type\":\"Organization\",\"@id\":\"https:\/\/bepractice.pl\/#organization\",\"name\":\"Business Practice\",\"url\":\"https:\/\/bepractice.pl\/\",\"logo\":{\"@type\":\"ImageObject\",\"inLanguage\":\"pl-PL\",\"@id\":\"https:\/\/bepractice.pl\/#\/schema\/logo\/image\/\",\"url\":\"https:\/\/bepractice.pl\/wp-content\/uploads\/2015\/11\/logo-BePractice1.jpg\",\"contentUrl\":\"https:\/\/bepractice.pl\/wp-content\/uploads\/2015\/11\/logo-BePractice1.jpg\",\"width\":1445,\"height\":1259,\"caption\":\"Business Practice\"},\"image\":{\"@id\":\"https:\/\/bepractice.pl\/#\/schema\/logo\/image\/\"}}]}<\/script>\n<!-- \/ Yoast SEO plugin. -->","yoast_head_json":{"title":"Business Practice","description":"Doradztwo biznesowe dla firm, szkolenia z bran\u017cy automotive, us\u0142ugi konsultingowe. \"Jedyn\u0105 sta\u0142\u0105 rzecz\u0105 w organizacji jest zmiana\"...","robots":{"index":"index","follow":"follow","max-snippet":"max-snippet:-1","max-image-preview":"max-image-preview:large","max-video-preview":"max-video-preview:-1"},"canonical":"https:\/\/bepractice.pl\/?page_id=26","og_locale":"pl_PL","og_type":"article","og_title":"Business Practice","og_description":"Doradztwo biznesowe dla firm, szkolenia z bran\u017cy automotive, us\u0142ugi konsultingowe. \"Jedyn\u0105 sta\u0142\u0105 rzecz\u0105 w organizacji jest zmiana\"...","og_url":"https:\/\/bepractice.pl\/?page_id=26","og_site_name":"Business Practice","article_modified_time":"2019-04-15T19:10:23+00:00","twitter_card":"summary_large_image","twitter_misc":{"Szacowany czas czytania":"1 minuta"},"schema":{"@context":"https:\/\/schema.org","@graph":[{"@type":"WebPage","@id":"https:\/\/bepractice.pl\/?page_id=26","url":"https:\/\/bepractice.pl\/?page_id=26","name":"Business Practice","isPartOf":{"@id":"https:\/\/bepractice.pl\/#website"},"datePublished":"2015-11-17T12:16:37+00:00","dateModified":"2019-04-15T19:10:23+00:00","description":"Doradztwo biznesowe dla firm, szkolenia z bran\u017cy automotive, us\u0142ugi konsultingowe. \"Jedyn\u0105 sta\u0142\u0105 rzecz\u0105 w organizacji jest zmiana\"...","breadcrumb":{"@id":"https:\/\/bepractice.pl\/?page_id=26#breadcrumb"},"inLanguage":"pl-PL","potentialAction":[{"@type":"ReadAction","target":["https:\/\/bepractice.pl\/?page_id=26"]}]},{"@type":"BreadcrumbList","@id":"https:\/\/bepractice.pl\/?page_id=26#breadcrumb","itemListElement":[{"@type":"ListItem","position":1,"name":"Strona g\u0142\u00f3wna","item":"https:\/\/bepractice.pl\/"},{"@type":"ListItem","position":2,"name":"Sprzeda\u017c"}]},{"@type":"WebSite","@id":"https:\/\/bepractice.pl\/#website","url":"https:\/\/bepractice.pl\/","name":"Business Practice","description":"Firma szkoleniowa dzia\u0142aj\u0105ca w obszarze automotive","publisher":{"@id":"https:\/\/bepractice.pl\/#organization"},"potentialAction":[{"@type":"SearchAction","target":{"@type":"EntryPoint","urlTemplate":"https:\/\/bepractice.pl\/?s={search_term_string}"},"query-input":{"@type":"PropertyValueSpecification","valueRequired":true,"valueName":"search_term_string"}}],"inLanguage":"pl-PL"},{"@type":"Organization","@id":"https:\/\/bepractice.pl\/#organization","name":"Business Practice","url":"https:\/\/bepractice.pl\/","logo":{"@type":"ImageObject","inLanguage":"pl-PL","@id":"https:\/\/bepractice.pl\/#\/schema\/logo\/image\/","url":"https:\/\/bepractice.pl\/wp-content\/uploads\/2015\/11\/logo-BePractice1.jpg","contentUrl":"https:\/\/bepractice.pl\/wp-content\/uploads\/2015\/11\/logo-BePractice1.jpg","width":1445,"height":1259,"caption":"Business Practice"},"image":{"@id":"https:\/\/bepractice.pl\/#\/schema\/logo\/image\/"}}]}},"jetpack_sharing_enabled":true,"jetpack_shortlink":"https:\/\/wp.me\/P6XDnz-q","_links":{"self":[{"href":"https:\/\/bepractice.pl\/index.php?rest_route=\/wp\/v2\/pages\/26","targetHints":{"allow":["GET"]}}],"collection":[{"href":"https:\/\/bepractice.pl\/index.php?rest_route=\/wp\/v2\/pages"}],"about":[{"href":"https:\/\/bepractice.pl\/index.php?rest_route=\/wp\/v2\/types\/page"}],"author":[{"embeddable":true,"href":"https:\/\/bepractice.pl\/index.php?rest_route=\/wp\/v2\/users\/1"}],"replies":[{"embeddable":true,"href":"https:\/\/bepractice.pl\/index.php?rest_route=%2Fwp%2Fv2%2Fcomments&post=26"}],"version-history":[{"count":4,"href":"https:\/\/bepractice.pl\/index.php?rest_route=\/wp\/v2\/pages\/26\/revisions"}],"predecessor-version":[{"id":358,"href":"https:\/\/bepractice.pl\/index.php?rest_route=\/wp\/v2\/pages\/26\/revisions\/358"}],"wp:attachment":[{"href":"https:\/\/bepractice.pl\/index.php?rest_route=%2Fwp%2Fv2%2Fmedia&parent=26"}],"curies":[{"name":"wp","href":"https:\/\/api.w.org\/{rel}","templated":true}]}}