{"id":56,"date":"2015-11-17T12:32:09","date_gmt":"2015-11-17T12:32:09","guid":{"rendered":"http:\/\/bepractice.pl\/?page_id=56"},"modified":"2019-03-25T14:24:53","modified_gmt":"2019-03-25T14:24:53","slug":"nasi-klienci","status":"publish","type":"page","link":"https:\/\/bepractice.pl\/?page_id=56","title":{"rendered":"Nasi Klienci"},"content":{"rendered":"\t\t<div data-elementor-type=\"wp-post\" data-elementor-id=\"56\" class=\"elementor elementor-56\">\n\t\t\t\t\t\t<section class=\"elementor-section elementor-top-section elementor-element elementor-element-346952c6 elementor-section-boxed elementor-section-height-default elementor-section-height-default\" data-id=\"346952c6\" data-element_type=\"section\">\n\t\t\t\t\t\t<div class=\"elementor-container elementor-column-gap-default\">\n\t\t\t\t\t<div class=\"elementor-column elementor-col-100 elementor-top-column elementor-element elementor-element-aea62d2\" data-id=\"aea62d2\" data-element_type=\"column\">\n\t\t\t<div class=\"elementor-widget-wrap elementor-element-populated\">\n\t\t\t\t\t\t<div class=\"elementor-element elementor-element-5ab23604 elementor-widget elementor-widget-text-editor\" data-id=\"5ab23604\" data-element_type=\"widget\" data-widget_type=\"text-editor.default\">\n\t\t\t\t<div class=\"elementor-widget-container\">\n\t\t\t\t\t\t\t\t\t<p><\/p>\n<p class=\"has-text-color has-medium-font-size\" style=\"color: #313c41;\">Podczas kilkunastu lat dzia\u0142ania w obszarze szkole\u0144 i konsultingu mieli\u015bmy przyjemno\u015b\u0107 wsp\u00f3\u0142pracowa\u0107 z nast\u0119puj\u0105cymi klientami:<\/p>\n<p><\/p>\n<hr class=\"wp-block-separator\" \/>\n<p><\/p>\n<figure class=\"wp-block-image\"><img decoding=\"async\" class=\"wp-image-133\" src=\"https:\/\/bepractice.pl\/wp-content\/uploads\/2015\/11\/MB-Logo-300x76.png\" alt=\"\" width=\"300\" height=\"76\" srcset=\"https:\/\/bepractice.pl\/wp-content\/uploads\/2015\/11\/MB-Logo-300x76.png 300w, https:\/\/bepractice.pl\/wp-content\/uploads\/2015\/11\/MB-Logo-1024x260.png 1024w, https:\/\/bepractice.pl\/wp-content\/uploads\/2015\/11\/MB-Logo-410x104.png 410w, https:\/\/bepractice.pl\/wp-content\/uploads\/2015\/11\/MB-Logo-100x25.png 100w, https:\/\/bepractice.pl\/wp-content\/uploads\/2015\/11\/MB-Logo-275x70.png 275w, https:\/\/bepractice.pl\/wp-content\/uploads\/2015\/11\/MB-Logo.png 2048w\" sizes=\"(max-width: 300px) 100vw, 300px\" \/><\/figure>\n<p><\/p>\n<p><\/p>\n<hr class=\"wp-block-separator\" \/>\n<p><\/p>\n<figure class=\"wp-block-image\"><img decoding=\"async\" class=\"wp-image-159\" src=\"https:\/\/bepractice.pl\/wp-content\/uploads\/2015\/11\/VGP-LOGO-300x65.png\" alt=\"\" width=\"325\" height=\"71\" srcset=\"https:\/\/bepractice.pl\/wp-content\/uploads\/2015\/11\/VGP-LOGO-300x65.png 300w, https:\/\/bepractice.pl\/wp-content\/uploads\/2015\/11\/VGP-LOGO-1024x221.png 1024w, https:\/\/bepractice.pl\/wp-content\/uploads\/2015\/11\/VGP-LOGO-410x88.png 410w, https:\/\/bepractice.pl\/wp-content\/uploads\/2015\/11\/VGP-LOGO-100x22.png 100w, https:\/\/bepractice.pl\/wp-content\/uploads\/2015\/11\/VGP-LOGO-275x59.png 275w, https:\/\/bepractice.pl\/wp-content\/uploads\/2015\/11\/VGP-LOGO.png 2006w\" sizes=\"(max-width: 325px) 100vw, 325px\" \/><\/figure>\n<p><\/p>\n<p><\/p>\n<hr class=\"wp-block-separator\" \/>\n<p><\/p>\n<figure class=\"wp-block-image is-resized\"><img decoding=\"async\" class=\"wp-image-155\" src=\"https:\/\/bepractice.pl\/wp-content\/uploads\/2015\/11\/VCC_Ironmark_Print_PMS-150x150.jpg\" alt=\"\" width=\"81\" height=\"81\" srcset=\"https:\/\/bepractice.pl\/wp-content\/uploads\/2015\/11\/VCC_Ironmark_Print_PMS-150x150.jpg 150w, https:\/\/bepractice.pl\/wp-content\/uploads\/2015\/11\/VCC_Ironmark_Print_PMS-300x300.jpg 300w, https:\/\/bepractice.pl\/wp-content\/uploads\/2015\/11\/VCC_Ironmark_Print_PMS-1024x1024.jpg 1024w, https:\/\/bepractice.pl\/wp-content\/uploads\/2015\/11\/VCC_Ironmark_Print_PMS-410x410.jpg 410w, https:\/\/bepractice.pl\/wp-content\/uploads\/2015\/11\/VCC_Ironmark_Print_PMS-100x100.jpg 100w, https:\/\/bepractice.pl\/wp-content\/uploads\/2015\/11\/VCC_Ironmark_Print_PMS-275x275.jpg 275w, https:\/\/bepractice.pl\/wp-content\/uploads\/2015\/11\/VCC_Ironmark_Print_PMS.jpg 1181w\" sizes=\"(max-width: 81px) 100vw, 81px\" \/><\/figure>\n<p><\/p>\n<p><\/p>\n<hr class=\"wp-block-separator\" \/>\n<p><\/p>\n<figure class=\"wp-block-image is-resized\"><img loading=\"lazy\" decoding=\"async\" class=\"wp-image-131\" src=\"https:\/\/bepractice.pl\/wp-content\/uploads\/2015\/11\/evobus-logo-300x71.jpg\" alt=\"\" width=\"214\" height=\"51\" srcset=\"https:\/\/bepractice.pl\/wp-content\/uploads\/2015\/11\/evobus-logo-300x71.jpg 300w, https:\/\/bepractice.pl\/wp-content\/uploads\/2015\/11\/evobus-logo-1024x241.jpg 1024w, https:\/\/bepractice.pl\/wp-content\/uploads\/2015\/11\/evobus-logo-410x97.jpg 410w, https:\/\/bepractice.pl\/wp-content\/uploads\/2015\/11\/evobus-logo-100x24.jpg 100w, https:\/\/bepractice.pl\/wp-content\/uploads\/2015\/11\/evobus-logo-275x65.jpg 275w, https:\/\/bepractice.pl\/wp-content\/uploads\/2015\/11\/evobus-logo.jpg 1180w\" sizes=\"(max-width: 214px) 100vw, 214px\" \/><br \/><br \/><\/figure>\n<p><\/p>\n<p><\/p>\n<hr class=\"wp-block-separator\" \/>\n<p><\/p>\n<figure class=\"wp-block-image is-resized\"><img loading=\"lazy\" decoding=\"async\" class=\"wp-image-151\" src=\"https:\/\/bepractice.pl\/wp-content\/uploads\/2015\/11\/Logo-Molteni-150x150.jpg\" alt=\"\" width=\"84\" height=\"84\" \/><\/figure>\n<p><\/p>\n<p><\/p>\n<hr class=\"wp-block-separator\" \/>\n<p><\/p>\n<p>PGA Polska<\/p>\n<p><\/p>\n<p>Auto Special Warszawa- Autoryzowany Dealer Volkswagen<\/p>\n<p><\/p>\n<p>Bawaria Motors &#8211; Autoryzowany Dealer BMW<\/p>\n<p><\/p>\n<p>Bohemia Motors &#8211; Autoryzowany Dealer Skoda<\/p>\n<p><\/p>\n<p>Duda Cars &#8211; Autoryzowany Dealer Mercedes-Benz<\/p>\n<p><\/p>\n<p>Grupa Krotoski-Cichy &#8211; Autoryzowany Dealer Volkswagen Group Polska<\/p>\n<p><\/p>\n<p>MB Motors &#8211; Autoryzowany Dealer Mercedes-Benz<\/p>\n<p><\/p>\n<p>Mojsiuk &#8211; Autoryzowany Dealer Mercedes-Benz<\/p>\n<p><\/p>\t\t\t\t\t\t\t\t<\/div>\n\t\t\t\t<\/div>\n\t\t\t\t\t<\/div>\n\t\t<\/div>\n\t\t\t\t\t<\/div>\n\t\t<\/section>\n\t\t\t\t<\/div>\n\t\t","protected":false},"excerpt":{"rendered":"<p>Podczas kilkunastu lat dzia\u0142ania w obszarze szkole\u0144 i konsultingu mieli\u015bmy przyjemno\u015b\u0107 wsp\u00f3\u0142pracowa\u0107 z nast\u0119puj\u0105cymi klientami: PGA Polska Auto Special Warszawa- Autoryzowany Dealer Volkswagen Bawaria Motors &#8211; Autoryzowany Dealer BMW Bohemia Motors &#8211; Autoryzowany Dealer Skoda Duda Cars &#8211; Autoryzowany Dealer Mercedes-Benz Grupa Krotoski-Cichy &#8211; Autoryzowany Dealer Volkswagen Group Polska MB Motors &#8211; Autoryzowany Dealer Mercedes-Benz [&hellip;]<\/p>\n","protected":false},"author":1,"featured_media":0,"parent":0,"menu_order":0,"comment_status":"closed","ping_status":"closed","template":"","meta":{"jetpack_post_was_ever_published":false,"footnotes":""},"class_list":["post-56","page","type-page","status-publish","hentry"],"yoast_head":"<!-- This site is optimized with the Yoast SEO plugin v26.5 - https:\/\/yoast.com\/wordpress\/plugins\/seo\/ -->\n<title>Business Practice<\/title>\n<meta name=\"description\" content=\"Doradztwo biznesowe dla firm, szkolenia z bran\u017cy automotive, us\u0142ugi konsultingowe. &quot;Jedyn\u0105 sta\u0142\u0105 rzecz\u0105 w organizacji jest zmiana&quot;...\" \/>\n<meta name=\"robots\" content=\"index, follow, max-snippet:-1, max-image-preview:large, max-video-preview:-1\" \/>\n<link rel=\"canonical\" href=\"https:\/\/bepractice.pl\/?page_id=56\" \/>\n<meta property=\"og:locale\" content=\"pl_PL\" \/>\n<meta property=\"og:type\" content=\"article\" \/>\n<meta property=\"og:title\" content=\"Business Practice\" \/>\n<meta property=\"og:description\" content=\"Doradztwo biznesowe dla firm, szkolenia z bran\u017cy automotive, us\u0142ugi konsultingowe. &quot;Jedyn\u0105 sta\u0142\u0105 rzecz\u0105 w organizacji jest zmiana&quot;...\" \/>\n<meta property=\"og:url\" content=\"https:\/\/bepractice.pl\/?page_id=56\" \/>\n<meta property=\"og:site_name\" content=\"Business Practice\" \/>\n<meta property=\"article:modified_time\" content=\"2019-03-25T14:24:53+00:00\" \/>\n<meta property=\"og:image\" content=\"http:\/\/bepractice.pl\/wp-content\/uploads\/2015\/11\/MB-Logo-300x76.png\" \/>\n<meta name=\"twitter:card\" content=\"summary_large_image\" \/>\n<script type=\"application\/ld+json\" class=\"yoast-schema-graph\">{\"@context\":\"https:\/\/schema.org\",\"@graph\":[{\"@type\":\"WebPage\",\"@id\":\"https:\/\/bepractice.pl\/?page_id=56\",\"url\":\"https:\/\/bepractice.pl\/?page_id=56\",\"name\":\"Business Practice\",\"isPartOf\":{\"@id\":\"https:\/\/bepractice.pl\/#website\"},\"primaryImageOfPage\":{\"@id\":\"https:\/\/bepractice.pl\/?page_id=56#primaryimage\"},\"image\":{\"@id\":\"https:\/\/bepractice.pl\/?page_id=56#primaryimage\"},\"thumbnailUrl\":\"http:\/\/bepractice.pl\/wp-content\/uploads\/2015\/11\/MB-Logo-300x76.png\",\"datePublished\":\"2015-11-17T12:32:09+00:00\",\"dateModified\":\"2019-03-25T14:24:53+00:00\",\"description\":\"Doradztwo biznesowe dla firm, szkolenia z bran\u017cy automotive, us\u0142ugi konsultingowe. \\\"Jedyn\u0105 sta\u0142\u0105 rzecz\u0105 w organizacji jest zmiana\\\"...\",\"breadcrumb\":{\"@id\":\"https:\/\/bepractice.pl\/?page_id=56#breadcrumb\"},\"inLanguage\":\"pl-PL\",\"potentialAction\":[{\"@type\":\"ReadAction\",\"target\":[\"https:\/\/bepractice.pl\/?page_id=56\"]}]},{\"@type\":\"ImageObject\",\"inLanguage\":\"pl-PL\",\"@id\":\"https:\/\/bepractice.pl\/?page_id=56#primaryimage\",\"url\":\"http:\/\/bepractice.pl\/wp-content\/uploads\/2015\/11\/MB-Logo-300x76.png\",\"contentUrl\":\"http:\/\/bepractice.pl\/wp-content\/uploads\/2015\/11\/MB-Logo-300x76.png\"},{\"@type\":\"BreadcrumbList\",\"@id\":\"https:\/\/bepractice.pl\/?page_id=56#breadcrumb\",\"itemListElement\":[{\"@type\":\"ListItem\",\"position\":1,\"name\":\"Strona g\u0142\u00f3wna\",\"item\":\"https:\/\/bepractice.pl\/\"},{\"@type\":\"ListItem\",\"position\":2,\"name\":\"Nasi Klienci\"}]},{\"@type\":\"WebSite\",\"@id\":\"https:\/\/bepractice.pl\/#website\",\"url\":\"https:\/\/bepractice.pl\/\",\"name\":\"Business Practice\",\"description\":\"Firma szkoleniowa dzia\u0142aj\u0105ca w obszarze automotive\",\"publisher\":{\"@id\":\"https:\/\/bepractice.pl\/#organization\"},\"potentialAction\":[{\"@type\":\"SearchAction\",\"target\":{\"@type\":\"EntryPoint\",\"urlTemplate\":\"https:\/\/bepractice.pl\/?s={search_term_string}\"},\"query-input\":{\"@type\":\"PropertyValueSpecification\",\"valueRequired\":true,\"valueName\":\"search_term_string\"}}],\"inLanguage\":\"pl-PL\"},{\"@type\":\"Organization\",\"@id\":\"https:\/\/bepractice.pl\/#organization\",\"name\":\"Business Practice\",\"url\":\"https:\/\/bepractice.pl\/\",\"logo\":{\"@type\":\"ImageObject\",\"inLanguage\":\"pl-PL\",\"@id\":\"https:\/\/bepractice.pl\/#\/schema\/logo\/image\/\",\"url\":\"https:\/\/bepractice.pl\/wp-content\/uploads\/2015\/11\/logo-BePractice1.jpg\",\"contentUrl\":\"https:\/\/bepractice.pl\/wp-content\/uploads\/2015\/11\/logo-BePractice1.jpg\",\"width\":1445,\"height\":1259,\"caption\":\"Business Practice\"},\"image\":{\"@id\":\"https:\/\/bepractice.pl\/#\/schema\/logo\/image\/\"}}]}<\/script>\n<!-- \/ Yoast SEO plugin. -->","yoast_head_json":{"title":"Business Practice","description":"Doradztwo biznesowe dla firm, szkolenia z bran\u017cy automotive, us\u0142ugi konsultingowe. \"Jedyn\u0105 sta\u0142\u0105 rzecz\u0105 w organizacji jest zmiana\"...","robots":{"index":"index","follow":"follow","max-snippet":"max-snippet:-1","max-image-preview":"max-image-preview:large","max-video-preview":"max-video-preview:-1"},"canonical":"https:\/\/bepractice.pl\/?page_id=56","og_locale":"pl_PL","og_type":"article","og_title":"Business Practice","og_description":"Doradztwo biznesowe dla firm, szkolenia z bran\u017cy automotive, us\u0142ugi konsultingowe. \"Jedyn\u0105 sta\u0142\u0105 rzecz\u0105 w organizacji jest zmiana\"...","og_url":"https:\/\/bepractice.pl\/?page_id=56","og_site_name":"Business Practice","article_modified_time":"2019-03-25T14:24:53+00:00","og_image":[{"url":"http:\/\/bepractice.pl\/wp-content\/uploads\/2015\/11\/MB-Logo-300x76.png","type":"","width":"","height":""}],"twitter_card":"summary_large_image","schema":{"@context":"https:\/\/schema.org","@graph":[{"@type":"WebPage","@id":"https:\/\/bepractice.pl\/?page_id=56","url":"https:\/\/bepractice.pl\/?page_id=56","name":"Business Practice","isPartOf":{"@id":"https:\/\/bepractice.pl\/#website"},"primaryImageOfPage":{"@id":"https:\/\/bepractice.pl\/?page_id=56#primaryimage"},"image":{"@id":"https:\/\/bepractice.pl\/?page_id=56#primaryimage"},"thumbnailUrl":"http:\/\/bepractice.pl\/wp-content\/uploads\/2015\/11\/MB-Logo-300x76.png","datePublished":"2015-11-17T12:32:09+00:00","dateModified":"2019-03-25T14:24:53+00:00","description":"Doradztwo biznesowe dla firm, szkolenia z bran\u017cy automotive, us\u0142ugi konsultingowe. \"Jedyn\u0105 sta\u0142\u0105 rzecz\u0105 w organizacji jest zmiana\"...","breadcrumb":{"@id":"https:\/\/bepractice.pl\/?page_id=56#breadcrumb"},"inLanguage":"pl-PL","potentialAction":[{"@type":"ReadAction","target":["https:\/\/bepractice.pl\/?page_id=56"]}]},{"@type":"ImageObject","inLanguage":"pl-PL","@id":"https:\/\/bepractice.pl\/?page_id=56#primaryimage","url":"http:\/\/bepractice.pl\/wp-content\/uploads\/2015\/11\/MB-Logo-300x76.png","contentUrl":"http:\/\/bepractice.pl\/wp-content\/uploads\/2015\/11\/MB-Logo-300x76.png"},{"@type":"BreadcrumbList","@id":"https:\/\/bepractice.pl\/?page_id=56#breadcrumb","itemListElement":[{"@type":"ListItem","position":1,"name":"Strona g\u0142\u00f3wna","item":"https:\/\/bepractice.pl\/"},{"@type":"ListItem","position":2,"name":"Nasi Klienci"}]},{"@type":"WebSite","@id":"https:\/\/bepractice.pl\/#website","url":"https:\/\/bepractice.pl\/","name":"Business Practice","description":"Firma szkoleniowa dzia\u0142aj\u0105ca w obszarze automotive","publisher":{"@id":"https:\/\/bepractice.pl\/#organization"},"potentialAction":[{"@type":"SearchAction","target":{"@type":"EntryPoint","urlTemplate":"https:\/\/bepractice.pl\/?s={search_term_string}"},"query-input":{"@type":"PropertyValueSpecification","valueRequired":true,"valueName":"search_term_string"}}],"inLanguage":"pl-PL"},{"@type":"Organization","@id":"https:\/\/bepractice.pl\/#organization","name":"Business Practice","url":"https:\/\/bepractice.pl\/","logo":{"@type":"ImageObject","inLanguage":"pl-PL","@id":"https:\/\/bepractice.pl\/#\/schema\/logo\/image\/","url":"https:\/\/bepractice.pl\/wp-content\/uploads\/2015\/11\/logo-BePractice1.jpg","contentUrl":"https:\/\/bepractice.pl\/wp-content\/uploads\/2015\/11\/logo-BePractice1.jpg","width":1445,"height":1259,"caption":"Business Practice"},"image":{"@id":"https:\/\/bepractice.pl\/#\/schema\/logo\/image\/"}}]}},"jetpack_sharing_enabled":true,"jetpack_shortlink":"https:\/\/wp.me\/P6XDnz-U","_links":{"self":[{"href":"https:\/\/bepractice.pl\/index.php?rest_route=\/wp\/v2\/pages\/56","targetHints":{"allow":["GET"]}}],"collection":[{"href":"https:\/\/bepractice.pl\/index.php?rest_route=\/wp\/v2\/pages"}],"about":[{"href":"https:\/\/bepractice.pl\/index.php?rest_route=\/wp\/v2\/types\/page"}],"author":[{"embeddable":true,"href":"https:\/\/bepractice.pl\/index.php?rest_route=\/wp\/v2\/users\/1"}],"replies":[{"embeddable":true,"href":"https:\/\/bepractice.pl\/index.php?rest_route=%2Fwp%2Fv2%2Fcomments&post=56"}],"version-history":[{"count":29,"href":"https:\/\/bepractice.pl\/index.php?rest_route=\/wp\/v2\/pages\/56\/revisions"}],"predecessor-version":[{"id":310,"href":"https:\/\/bepractice.pl\/index.php?rest_route=\/wp\/v2\/pages\/56\/revisions\/310"}],"wp:attachment":[{"href":"https:\/\/bepractice.pl\/index.php?rest_route=%2Fwp%2Fv2%2Fmedia&parent=56"}],"curies":[{"name":"wp","href":"https:\/\/api.w.org\/{rel}","templated":true}]}}